{"id":772,"date":"2018-02-25T11:28:09","date_gmt":"2018-02-25T10:28:09","guid":{"rendered":"http:\/\/www.utc-koppl.com\/WP\/?page_id=772"},"modified":"2024-03-25T19:09:47","modified_gmt":"2024-03-25T18:09:47","slug":"jugendarbeit","status":"publish","type":"page","link":"https:\/\/www.utc-koppl.com\/WP\/jugendarbeit\/","title":{"rendered":"Jugendarbeit"},"content":{"rendered":"<section class=\"l-section wpb_row height_auto\"><div class=\"l-section-h i-cf\"><div class=\"g-cols vc_row via_flex valign_top type_default stacking_default\" style=\"--additional-gap:10px;\"><div class=\"vc_col-sm-12 wpb_column vc_column_container\"><div class=\"vc_column-inner\"><div class=\"wpb_wrapper\"><div class=\"wpb_text_column\"><div class=\"wpb_wrapper\"><h1>Unsere Jugend ist uns wichtig<\/h1>\n<p><img loading=\"lazy\" decoding=\"async\" class=\"wp-image-6654 alignright\" src=\"https:\/\/www.utc-koppl.com\/WP\/wp-content\/uploads\/2024\/03\/Jugend2.jpg\" alt=\"\" width=\"475\" height=\"449\" srcset=\"https:\/\/www.utc-koppl.com\/WP\/wp-content\/uploads\/2024\/03\/Jugend2.jpg 2066w, https:\/\/www.utc-koppl.com\/WP\/wp-content\/uploads\/2024\/03\/Jugend2-300x283.jpg 300w, https:\/\/www.utc-koppl.com\/WP\/wp-content\/uploads\/2024\/03\/Jugend2-1270x1200.jpg 1270w\" sizes=\"auto, (max-width: 475px) 100vw, 475px\" \/>Deswegen f\u00f6rdern wir als Verein unseren Nachwuchs mit einem betr\u00e4chtlichen Anteil unseres Vereinsbudgets.<\/p>\n<p>Wir stellen von Mai bis Oktober w\u00f6chentlich fix reservierte Pl\u00e4tze f\u00fcr das Kinder\/Jugendtraining auf unserer Anlage zur Verf\u00fcgung. F\u00fcr das Wintertraining wird ein Hallenplatz organisiert*.<\/p>\n<p>Mit <a href=\"http:\/\/www.utc-koppl.com\/WP\/trainer\/\">Philipp Jelinek<\/a> stellen wir Euch einen erfahrenen Top Tennistrainer zur Seite. Philipp ist im Rahmen seiner T\u00e4tigkeit auch direkter Ansprechpartner der Eltern. Weiters managt er in Zusammenarbeit mit den Eltern und unserem Sportwart <a href=\"mailto:walter.ploch@aon.at\">Walter Ploch<\/a> den Meisterschaftsbetrieb unserer J\u00fcngsten.<\/p>\n<p>Also, warte nicht l\u00e4nger, melde Dich an und lerne Tennis in einem der coolsten Clubs im SalzburgLand.<br \/>\n&gt;&gt;&gt;\u00a0 <a href=\"http:\/\/www.utc-koppl.com\/WP\/anfahrt\/\"><img loading=\"lazy\" decoding=\"async\" class=\"wp-image-500 alignnone\" src=\"http:\/\/www.utc-koppl.com\/WP\/wp-content\/uploads\/platzhalter_gruen.svg\" alt=\"Unser Standpunkt\" width=\"34\" height=\"34\" \/><\/a>\u00a0 &lt;&lt;&lt;<\/p>\n<p>*Bei einer Mindestanzahl von 4 Teilnehmern\/Innen je Trainingsgruppe<\/p>\n<\/div><\/div><\/div><\/div><\/div><\/div><\/div><\/section>\n","protected":false},"excerpt":{"rendered":"Unsere Jugend ist uns wichtig Deswegen f\u00f6rdern wir als Verein unseren Nachwuchs mit einem betr\u00e4chtlichen Anteil unseres Vereinsbudgets. Wir stellen von Mai bis Oktober w\u00f6chentlich fix reservierte Pl\u00e4tze f\u00fcr das Kinder\/Jugendtraining auf unserer Anlage zur Verf\u00fcgung. F\u00fcr das Wintertraining wird ein Hallenplatz organisiert*. Mit Philipp Jelinek stellen wir Euch einen erfahrenen Top Tennistrainer zur Seite....","protected":false},"author":1,"featured_media":0,"parent":0,"menu_order":0,"comment_status":"closed","ping_status":"closed","template":"","meta":{"inline_featured_image":false,"footnotes":""},"class_list":["post-772","page","type-page","status-publish","hentry"],"_links":{"self":[{"href":"https:\/\/www.utc-koppl.com\/WP\/wp-json\/wp\/v2\/pages\/772","targetHints":{"allow":["GET"]}}],"collection":[{"href":"https:\/\/www.utc-koppl.com\/WP\/wp-json\/wp\/v2\/pages"}],"about":[{"href":"https:\/\/www.utc-koppl.com\/WP\/wp-json\/wp\/v2\/types\/page"}],"author":[{"embeddable":true,"href":"https:\/\/www.utc-koppl.com\/WP\/wp-json\/wp\/v2\/users\/1"}],"replies":[{"embeddable":true,"href":"https:\/\/www.utc-koppl.com\/WP\/wp-json\/wp\/v2\/comments?post=772"}],"version-history":[{"count":17,"href":"https:\/\/www.utc-koppl.com\/WP\/wp-json\/wp\/v2\/pages\/772\/revisions"}],"predecessor-version":[{"id":6660,"href":"https:\/\/www.utc-koppl.com\/WP\/wp-json\/wp\/v2\/pages\/772\/revisions\/6660"}],"wp:attachment":[{"href":"https:\/\/www.utc-koppl.com\/WP\/wp-json\/wp\/v2\/media?parent=772"}],"curies":[{"name":"wp","href":"https:\/\/api.w.org\/{rel}","templated":true}]}}