{"id":92,"date":"2017-11-21T17:39:53","date_gmt":"2017-11-21T16:39:53","guid":{"rendered":"http:\/\/www.utc-koppl.com\/WP\/?page_id=92"},"modified":"2022-10-13T18:06:08","modified_gmt":"2022-10-13T16:06:08","slug":"impressum","status":"publish","type":"page","link":"https:\/\/www.utc-koppl.com\/WP\/impressum\/","title":{"rendered":"Impressum"},"content":{"rendered":"<section class=\"l-section wpb_row height_auto\"><div class=\"l-section-h i-cf\"><div class=\"g-cols vc_row via_flex valign_top type_default stacking_default\" style=\"--additional-gap:10px;\"><div class=\"vc_col-sm-12 wpb_column vc_column_container\"><div class=\"vc_column-inner\"><div class=\"wpb_wrapper\"><div class=\"wpb_text_column us_custom_e5aea6d2\"><div class=\"wpb_wrapper\"><h1>Impressum<\/h1>\n<h4>Informationspflicht laut \u00a75 E-Commerce Gesetz, \u00a714 Unternehmensgesetzbuch, \u00a763 Gewerbeordnung und Offenlegungspflicht laut \u00a725 Mediengesetz<\/h4>\n<p>UTC Koppl<br \/>\nZVR: 711004677<\/p>\n<p><strong>Organschaftliche Vertreter<\/strong><br \/>\nObmann: Anton Pfarrkirchner<br \/>\nObmann Stellvertreter: Felix Huber<\/p>\n<p>Eisenstra\u00dfe 49<br \/>\nTel.: +43 6221 20205<br \/>\nE-Mail: <a href=\"mailto:office@utc-koppl.com\">office@utc-koppl.com<\/a><\/p>\n<p><strong>Vereinszweck<br \/>\n<\/strong>Tennisclub Koppl<\/p>\n<h4>Haftungsausschluss<\/h4>\n<p>Dieser Haftungsausschluss ist als Teil des Internetangebotes zu betrachten, von dem aus auf diese Webseite verwiesen wurde. Sofern Teile oder einzelne Formulierungen dieses Textes der geltenden Rechtslage nicht, nicht mehr oder nicht vollst\u00e4ndig entsprechen sollten, bleiben die \u00fcbrigen Teile des Dokumentes in ihrem Inhalt und ihrer G\u00fcltigkeit davon unber\u00fchrt.<br \/>\nHaftung f\u00fcr Inhalte dieser Webseite<\/p>\n<p>Die Inhalte unserer Seiten wurden mit gr\u00f6\u00dfter Sorgfalt erstellt. F\u00fcr die Richtigkeit, Vollst\u00e4ndigkeit und Aktualit\u00e4t der Inhalte k\u00f6nnen wir jedoch keine Gew\u00e4hr \u00fcbernehmen. Als Diensteanbieter sind wir f\u00fcr eigene Inhalte auf diesen Seiten nach den allgemeinen Gesetzen verantwortlich. Wir sind jedoch nicht verpflichtet, \u00fcbermittelte oder gespeicherte fremde Informationen zu \u00fcberwachen oder nach Umst\u00e4nden zu forschen, die auf eine rechtswidrige T\u00e4tigkeit hinweisen. Verpflichtungen zur Entfernung oder Sperrung der Nutzung von Informationen nach den allgemeinen Gesetzen bleiben hiervon unber\u00fchrt. Eine diesbez\u00fcgliche Haftung ist jedoch erst ab dem Zeitpunkt der Kenntnis einer konkreten Rechtsverletzung m\u00f6glich. Bei Bekanntwerden von entsprechenden Rechtsverletzungen werden wir diese Inhalte umgehend entfernen.<br \/>\nHaftung f\u00fcr Links auf Webseiten Dritter<\/p>\n<p>Unser Angebot enth\u00e4lt Links zu externen Websites. Auf den Inhalt dieser externen Webseiten haben wir keinerlei Einfluss. Deshalb k\u00f6nnen wir f\u00fcr diese fremden Inhalte auch keine Gew\u00e4hr \u00fcbernehmen. F\u00fcr die Inhalte der verlinkten Seiten ist stets der jeweilige Anbieter oder Betreiber der Seiten verantwortlich. Die verlinkten Seiten wurden zum Zeitpunkt der Verlinkung auf m\u00f6gliche Rechtsverst\u00f6\u00dfe \u00fcberpr\u00fcft. Rechtswidrige Inhalte waren zum Zeitpunkt der Verlinkung nicht erkennbar. Eine permanente inhaltliche Kontrolle der verlinkten Seiten ist jedoch ohne konkrete Anhaltspunkte einer Rechtsverletzung nicht zumutbar. Bei Bekanntwerden von Rechtsverletzungen werden wir derartige Links umgehend entfernen.<br \/>\nUrheberrecht<\/p>\n<p>Die Betreiber dieser Webseite sind bem\u00fcht, stets die Urheberrechte anderer zu beachten bzw. auf selbst erstellte sowie lizenzfreie Werke zur\u00fcckzugreifen. Die durch die Seitenbetreiber erstellten Inhalte und Werke auf dieser Webseite unterliegen dem Urheberrecht. Beitr\u00e4ge Dritter sind als solche gekennzeichnet. Die Vervielf\u00e4ltigung, Bearbeitung, Verbreitung und jede Art der Verwertung au\u00dferhalb der Grenzen des Urheberrechtes bed\u00fcrfen der schriftlichen Zustimmung des jeweiligen Autors bzw. Erstellers. Downloads und Kopien dieser Seite sind nur f\u00fcr den privaten, nicht kommerziellen Gebrauch gestattet.<br \/>\nDatenschutzerkl\u00e4rung<\/p>\n<p>Wir legen gro\u00dfen Wert auf den Schutz Ihrer Daten. Um Sie in vollem Umfang \u00fcber die Verwendung personenbezogener Daten zu informieren, bitten wir Sie die folgenden Datenschutzhinweise zur Kenntnis zu nehmen.<\/p>\n<h4>Pers\u00f6nliche Daten<\/h4>\n<p>Personenbezogenen Daten (Vorname, Nachname,fallweise Vor- und Nachname des\/der Erziehungsberechtige(n), Geburtsdatum, Geschlecht, Titel, Adresse, PLZ, Ort, Telefonnummer, E-Mail-Adresse, Eintrittsdatum) werden auf vertraglicher Grundlage (Mitgliedschaft) innerhalb des Vereins elektronisch und manuell verarbeitet. Die Zwecke der Verarbeitung sind: sportliche, organisatorische und fachliche Administration und finanzielle Abwicklung, Mitgliederverwaltung, Zusendung von Vereins- und Verbandsinformationen, Informationen zu Veranstaltungen,\u00a0 Platzreservierung \u00fcber Online-Reservierungssystem (Zur Verf\u00fcgung stellen der Daten an andere Mitglieder zur gemeinsamen Terminvereinbarung ).<\/p>\n<p>Der Verein UTC-Koppl, Eisenstra\u00dfe 49, 5321 Koppl, ist Verantwortlicher f\u00fcr die hier dargelegten Verarbeitungst\u00e4tigkeiten. Die Bereitstellung meiner Daten ist zur Erf\u00fcllung des Vereinszwecks gem\u00e4\u00df Statuten erforderlich, bei Nichtbereitstellung ist eine Mitgliedschaft im Verein nicht m\u00f6glich.<\/p>\n<p>Personenbezogene Daten finden vom Verein nur f\u00fcr die dargelegten Zwecke Verwendung. Bei Vereinsaustritt werden alle Daten (sofern kein R\u00fcckstand an Zahlungen seitens des Mitglieds besteht, die Daten nicht zur Geltendmachung, Aus\u00fcbung oder Verteidigung von Rechtsanspr\u00fcchen des Vereins ben\u00f6tigt werden und keine l\u00e4ngere Aufbewahrung der Daten gesetzlich angeordnet ist) sp\u00e4testens binnen eines Jahres ab Austritt gel\u00f6scht.<\/p>\n<p>Meine Daten k\u00f6nnen an Dach- und Fachverb\u00e4nde (zb. STV) und an die Gemeinde Koppl, zwecks F\u00f6rderansuchen weitergeleitet werden.<br \/>\nDie Verarbeitungszwecke bei Dachverb\u00e4nden erstrecken sich auf die rechtliche, steuerliche, administrative Unterst\u00fctzung des Vereins, die Abwicklung von gemeinsam Projekten und Veranstaltungen, auf die Durchf\u00fchrung von Kursen und Fortbildungen, auf Unterst\u00fctzung und Zusammenarbeit in Bereich \u00d6ffentlichkeitsarbeit und vieles mehr. Die Datenverarbeitungen auf Ebene von Fachverb\u00e4nden stehen im direkten Zusammenhang mit der\/den von mir ausge\u00fcbten Sportart(en) und reichen von der administrativen Unterst\u00fctzung des Vereins, der Veranstaltungs- und Wettkampforganisation, der direkten<br \/>\nZusammenarbeit mit dem einzelnen Vereinsmitglied bis hin zur Kooperation mit nationalen und internationalen Einrichtungen und Verb\u00e4nden insbesondere bei der Aus\u00fcbung von Wettkampf- und Leistungssport.<br \/>\nMeine Rechte im Zusammenhang mit datenschutzrechtlichen Vorschriften erstrecken sich auf das Recht auf Auskunft, Berichtigung, L\u00f6schung, Einschr\u00e4nkung, Daten\u00fcbertragbarkeit und Widerspruch in die Verarbeitung. Des Weiteren habe ich ein Beschwerderecht bei der Datenschutzbeh\u00f6rde.<\/p>\n<h4>Formulardaten und Kommentare<\/h4>\n<p>Wenn Webseitenbesucher Kommentare oder Formulareintr\u00e4ge hinterlassen, werden die eingegebenen Daten und ihre IP-Adressen gespeichert. Das erfolgt zur Sicherheit, falls jemand widerrechtliche Inhalte verfasst (Beleidigungen, links- oder rechtsextreme Propaganda, Hasspostings usw.). In diesem Fall sind wir an der Identit\u00e4t des Verfassers interessiert.<\/p>\n<h4>Cookies<\/h4>\n<p>Cookies sind kleine Dateien, die es dieser Webseite erm\u00f6glichen auf dem Computer des Besuchers spezifische, auf den Nutzer bezogene Informationen zu speichern, w\u00e4hrend unsere Website besucht wird. Cookies helfen uns dabei, die Nutzungsh\u00e4ufigkeit und die Anzahl der Nutzer unserer Internetseiten zu ermitteln, sowie unsere Angebote f\u00fcr Sie komfortabel und effizient zu gestalten. Wir verwenden einerseits Session-Cookies, die ausschlie\u00dflich f\u00fcr die Dauer Ihrer Nutzung unserer Website zwischengespeichert werden und zum anderen permanente Cookies, um Informationen \u00fcber Besucher festzuhalten, die wiederholt auf unsere Website zugreifen. Der Zweck des Einsatzes dieser Cookies besteht darin, eine optimale Benutzerf\u00fchrung anbieten zu k\u00f6nnen sowie Besucher wiederzuerkennen und bei wiederholter Nutzung eine m\u00f6glichst attraktive Website und interessante Inhalte pr\u00e4sentieren zu k\u00f6nnen. Der Inhalt eines permanenten Cookies beschr\u00e4nkt sich auf eine Identifikationsnummer. Name, IP-Adresse usw. werden nicht gespeichert. Eine Einzelprofilbildung \u00fcber Ihr Nutzungsverhalten findet nicht statt. Eine Nutzung unserer Angebote ist auch ohne Cookies m\u00f6glich. Sie k\u00f6nnen in Ihrem Browser das Speichern von Cookies deaktivieren, auf bestimmte Webseiten beschr\u00e4nken oder Ihren Webbrowser (Chrome, IE, Firefox,\u2026) so einstellen, dass er sie benachrichtigt, sobald ein Cookie gesendet wird. Sie k\u00f6nnen Cookies auch jederzeit von der Festplatte ihres PC l\u00f6schen. Bitte beachten Sie aber, dass Sie in diesem Fall mit einer eingeschr\u00e4nkten Darstellung der Seite und mit einer eingeschr\u00e4nkten Benutzerf\u00fchrung rechnen m\u00fcssen.<\/p>\n<h4>Google Maps<\/h4>\n<p>Diese Webseite verwendet Google Maps f\u00fcr die Darstellung von Karteninformationen. Bei der Nutzung von Google Maps werden von Google auch Daten \u00fcber die Nutzung der Maps-Funktionen durch Besucher der Webseiten erhoben, verarbeitet und genutzt. N\u00e4here Informationen \u00fcber die Datenverarbeitung durch Google k\u00f6nnen Sie den Datenschutzhinweisen von Google auf https:\/\/www.google.at\/intl\/de\/policies\/privacy\/ entnehmen. Dort k\u00f6nnen Sie im Datenschutzcenter auch Ihre Einstellungen ver\u00e4ndern, so dass Sie Ihre Daten verwalten und sch\u00fctzen k\u00f6nnen.<\/p>\n<h4>Datenschutzerkl\u00e4rung f\u00fcr Google Adsense<\/h4>\n<p>Diese Website benutzt Google AdSense, einen Dienst zum Einbinden von Werbeanzeigen der Google Inc. (\u201eGoogle\u201c). Google AdSense verwendet sog. \u201eCookies\u201c, Textdateien, die auf Ihrem Computer gespeichert werden und die eine Analyse der Benutzung der Website erm\u00f6glicht. Google AdSense verwendet auch so genannte Web Beacons (unsichtbare Grafiken). Durch diese Web Beacons k\u00f6nnen Informationen wie der Besucherverkehr auf diesen Seiten ausgewertet werden.<\/p>\n<p>Die durch Cookies und Web Beacons erzeugten Informationen \u00fcber die Benutzung dieser Website (einschlie\u00dflich Ihrer IP-Adresse) und Auslieferung von Werbeformaten werden an einen Server von Google in den USA \u00fcbertragen und dort gespeichert. Diese Informationen k\u00f6nnen von Google an Vertragspartner von Google weiter gegeben werden. Google wird Ihre IP-Adresse jedoch nicht mit anderen von Ihnen gespeicherten Daten zusammenf\u00fchren.<\/p>\n<p>Sie k\u00f6nnen die Installation der Cookies durch eine entsprechende Einstellung Ihrer Browser Software verhindern; wir weisen Sie jedoch darauf hin, dass Sie in diesem Fall gegebenenfalls nicht s\u00e4mtliche Funktionen dieser Website voll umf\u00e4nglich nutzen k\u00f6nnen. Durch die Nutzung dieser Website erkl\u00e4ren Sie sich mit der Bearbeitung der \u00fcber Sie erhobenen Daten durch Google in der zuvor beschriebenen Art und Weise und zu dem zuvor benannten Zweck einverstanden. Weitere Informationen zur Datennutzung durch Google bei Ihrer Nutzung dieser Webseite erhalten Sie hier.<\/p>\n<h4>Auskunftsrecht<\/h4>\n<p>Sie haben jederzeit das Recht auf Auskunft \u00fcber die bez\u00fcglich Ihrer Person gespeicherten Daten, deren Herkunft und Empf\u00e4nger sowie den Zweck der Speicherung<\/p>\n<\/div><\/div><\/div><\/div><\/div><\/div><\/div><\/section><section class=\"l-section wpb_row height_medium\"><div class=\"l-section-h i-cf\"><div class=\"g-cols vc_row via_flex valign_top type_default stacking_default\"><div class=\"vc_col-sm-12 wpb_column vc_column_container\"><div class=\"vc_column-inner\"><div class=\"wpb_wrapper\"><div class=\"wpb_text_column\"><div class=\"wpb_wrapper\"><p><script type=\"text\/javascript\">document.oncontextmenu=null;document.onselectstart=null;document.ondragstart=null;document.onmousedown=null;document.body.oncontextmenu=null;document.body.onselectstart=null;document.body.ondragstart=null;document.body.onmousedown=null;document.body.oncut=null;document.body.oncopy=null;document.body.onpaste=null;<\/script><\/p>\n<p><script type=\"text\/javascript\">document.oncontextmenu=null;document.onselectstart=null;document.ondragstart=null;document.onmousedown=null;document.body.oncontextmenu=null;document.body.onselectstart=null;document.body.ondragstart=null;document.body.onmousedown=null;document.body.oncut=null;document.body.oncopy=null;document.body.onpaste=null;<\/script><\/p>\n<p><script type=\"text\/javascript\">document.oncontextmenu=null;document.onselectstart=null;document.ondragstart=null;document.onmousedown=null;document.body.oncontextmenu=null;document.body.onselectstart=null;document.body.ondragstart=null;document.body.onmousedown=null;document.body.oncut=null;document.body.oncopy=null;document.body.onpaste=null;<\/script><\/p>\n<p><script type=\"text\/javascript\">document.oncontextmenu=null;document.onselectstart=null;document.ondragstart=null;document.onmousedown=null;document.body.oncontextmenu=null;document.body.onselectstart=null;document.body.ondragstart=null;document.body.onmousedown=null;document.body.oncut=null;document.body.oncopy=null;document.body.onpaste=null;<\/script><\/p>\n<p><script type=\"text\/javascript\">document.oncontextmenu=null;document.onselectstart=null;document.ondragstart=null;document.onmousedown=null;document.body.oncontextmenu=null;document.body.onselectstart=null;document.body.ondragstart=null;document.body.onmousedown=null;document.body.oncut=null;document.body.oncopy=null;document.body.onpaste=null;<\/script><\/p>\n<p><script type=\"text\/javascript\">document.oncontextmenu=null;document.onselectstart=null;document.ondragstart=null;document.onmousedown=null;document.body.oncontextmenu=null;document.body.onselectstart=null;document.body.ondragstart=null;document.body.onmousedown=null;document.body.oncut=null;document.body.oncopy=null;document.body.onpaste=null;<\/script><\/p>\n<p><script type=\"text\/javascript\">document.oncontextmenu=null;document.onselectstart=null;document.ondragstart=null;document.onmousedown=null;document.body.oncontextmenu=null;document.body.onselectstart=null;document.body.ondragstart=null;document.body.onmousedown=null;document.body.oncut=null;document.body.oncopy=null;document.body.onpaste=null;<\/script><\/p>\n<\/div><\/div><\/div><\/div><\/div><\/div><\/div><\/section>\n","protected":false},"excerpt":{"rendered":"Impressum Informationspflicht laut \u00a75 E-Commerce Gesetz, \u00a714 Unternehmensgesetzbuch, \u00a763 Gewerbeordnung und Offenlegungspflicht laut \u00a725 Mediengesetz UTC Koppl ZVR: 711004677 Organschaftliche Vertreter Obmann: Anton Pfarrkirchner Obmann Stellvertreter: Felix Huber Eisenstra\u00dfe 49 Tel.: +43 6221 20205 E-Mail: office@utc-koppl.com Vereinszweck Tennisclub Koppl Haftungsausschluss Dieser Haftungsausschluss ist als Teil des Internetangebotes zu betrachten, von dem aus auf diese Webseite...","protected":false},"author":1,"featured_media":0,"parent":0,"menu_order":0,"comment_status":"closed","ping_status":"closed","template":"","meta":{"inline_featured_image":false,"footnotes":""},"class_list":["post-92","page","type-page","status-publish","hentry"],"_links":{"self":[{"href":"https:\/\/www.utc-koppl.com\/WP\/wp-json\/wp\/v2\/pages\/92","targetHints":{"allow":["GET"]}}],"collection":[{"href":"https:\/\/www.utc-koppl.com\/WP\/wp-json\/wp\/v2\/pages"}],"about":[{"href":"https:\/\/www.utc-koppl.com\/WP\/wp-json\/wp\/v2\/types\/page"}],"author":[{"embeddable":true,"href":"https:\/\/www.utc-koppl.com\/WP\/wp-json\/wp\/v2\/users\/1"}],"replies":[{"embeddable":true,"href":"https:\/\/www.utc-koppl.com\/WP\/wp-json\/wp\/v2\/comments?post=92"}],"version-history":[{"count":26,"href":"https:\/\/www.utc-koppl.com\/WP\/wp-json\/wp\/v2\/pages\/92\/revisions"}],"predecessor-version":[{"id":6563,"href":"https:\/\/www.utc-koppl.com\/WP\/wp-json\/wp\/v2\/pages\/92\/revisions\/6563"}],"wp:attachment":[{"href":"https:\/\/www.utc-koppl.com\/WP\/wp-json\/wp\/v2\/media?parent=92"}],"curies":[{"name":"wp","href":"https:\/\/api.w.org\/{rel}","templated":true}]}}